{"id":226,"date":"2023-11-16T13:55:47","date_gmt":"2023-11-16T12:55:47","guid":{"rendered":"https:\/\/g4e.solutions\/?page_id=226"},"modified":"2023-11-16T13:56:12","modified_gmt":"2023-11-16T12:56:12","slug":"muestra","status":"publish","type":"page","link":"https:\/\/g4e.solutions\/en\/muestra\/","title":{"rendered":"muestra"},"content":{"rendered":"<p>[et_pb_section fb_built=\u00bb1&#8243; theme_builder_area=\u00bbpost_content\u00bb _builder_version=\u00bb4.21.0&#8243; _module_preset=\u00bbdefault\u00bb][et_pb_row _builder_version=\u00bb4.21.0&#8243; _module_preset=\u00bbdefault\u00bb column_structure=\u00bb1_2,1_2&#8243; theme_builder_area=\u00bbpost_content\u00bb][et_pb_column _builder_version=\u00bb4.21.0&#8243; _module_preset=\u00bbdefault\u00bb type=\u00bb1_2&#8243; theme_builder_area=\u00bbpost_content\u00bb][et_pb_pricing_tables _builder_version=\u00bb4.21.0&#8243; _module_preset=\u00bbdefault\u00bb theme_builder_area=\u00bbpost_content\u00bb hover_enabled=\u00bb0&#8243; sticky_enabled=\u00bb0&#8243;][et_pb_pricing_table title=\u00bbT\u00edtulo de alternador\u00bb subtitle=\u00bbSubtitle goes Here\u00bb currency=\u00bbPS\u00bb sum=\u00bb50&#8243; _builder_version=\u00bb4.21.0&#8243; _module_preset=\u00bbdefault\u00bb theme_builder_area=\u00bbpost_content\u00bb]+ Esta funci\u00f3n est\u00e1 incluida + Esta funci\u00f3n est\u00e1 incluida + Esta funci\u00f3n est\u00e1 incluida + Esta funci\u00f3n est\u00e1 incluida &#8211; Esta funci\u00f3n no est\u00e1 incluida &#8211; Esta funci\u00f3n no est\u00e1 incluida[\/et_pb_pricing_table][et_pb_pricing_table title=\u00bbT\u00edtulo de alternador\u00bb subtitle=\u00bbSubtitle goes Here\u00bb currency=\u00bbPS\u00bb sum=\u00bb50&#8243; _builder_version=\u00bb4.21.0&#8243; _module_preset=\u00bbdefault\u00bb theme_builder_area=\u00bbpost_content\u00bb]+ Esta funci\u00f3n est\u00e1 incluida + Esta funci\u00f3n est\u00e1 incluida + Esta funci\u00f3n est\u00e1 incluida + Esta funci\u00f3n est\u00e1 incluida &#8211; Esta funci\u00f3n no est\u00e1 incluida &#8211; Esta funci\u00f3n no est\u00e1 incluida[\/et_pb_pricing_table][\/et_pb_pricing_tables][\/et_pb_column][et_pb_column _builder_version=\u00bb4.21.0&#8243; _module_preset=\u00bbdefault\u00bb type=\u00bb1_2&#8243; theme_builder_area=\u00bbpost_content\u00bb][et_pb_image src=\u00bbdata:image\/svg+xml;base64,PHN2ZyB3aWR0aD0iMTA4MCIgaGVpZ2h0PSI1NDAiIHZpZXdCb3g9IjAgMCAxMDgwIDU0MCIgeG1sbnM9Imh0dHA6Ly93d3cudzMub3JnLzIwMDAvc3ZnIj4KICAgIDxnIGZpbGw9Im5vbmUiIGZpbGwtcnVsZT0iZXZlbm9kZCI+CiAgICAgICAgPHBhdGggZmlsbD0iI0VCRUJFQiIgZD0iTTAgMGgxMDgwdjU0MEgweiIvPgogICAgICAgIDxwYXRoIGQ9Ik00NDUuNjQ5IDU0MGgtOTguOTk1TDE0NC42NDkgMzM3Ljk5NSAwIDQ4Mi42NDR2LTk4Ljk5NWwxMTYuMzY1LTExNi4zNjVjMTUuNjItMTUuNjIgNDAuOTQ3LTE1LjYyIDU2LjU2OCAwTDQ0NS42NSA1NDB6IiBmaWxsLW9wYWNpdHk9Ii4xIiBmaWxsPSIjMDAwIiBmaWxsLXJ1bGU9Im5vbnplcm8iLz4KICAgICAgICA8Y2lyY2xlIGZpbGwtb3BhY2l0eT0iLjA1IiBmaWxsPSIjMDAwIiBjeD0iMzMxIiBjeT0iMTQ4IiByPSI3MCIvPgogICAgICAgIDxwYXRoIGQ9Ik0xMDgwIDM3OXYxMTMuMTM3TDcyOC4xNjIgMTQwLjMgMzI4LjQ2MiA1NDBIMjE1LjMyNEw2OTkuODc4IDU1LjQ0NmMxNS42Mi0xNS42MiA0MC45NDgtMTUuNjIgNTYuNTY4IDBMMTA4MCAzNzl6IiBmaWxsLW9wYWNpdHk9Ii4yIiBmaWxsPSIjMDAwIiBmaWxsLXJ1bGU9Im5vbnplcm8iLz4KICAgIDwvZz4KPC9zdmc+Cg==\u00bb _builder_version=\u00bb4.21.0&#8243; _module_preset=\u00bbdefault\u00bb theme_builder_area=\u00bbpost_content\u00bb hover_enabled=\u00bb0&#8243; sticky_enabled=\u00bb0&#8243;][\/et_pb_image][\/et_pb_column][\/et_pb_row][\/et_pb_section]<\/p>","protected":false},"excerpt":{"rendered":"<p>+ Esta funci\u00f3n est\u00e1 incluida + Esta funci\u00f3n est\u00e1 incluida + Esta funci\u00f3n est\u00e1 incluida + Esta funci\u00f3n est\u00e1 incluida &#8211; Esta funci\u00f3n no est\u00e1 incluida &#8211; Esta funci\u00f3n no est\u00e1 incluida+ Esta funci\u00f3n est\u00e1 incluida + Esta funci\u00f3n est\u00e1 incluida + Esta funci\u00f3n est\u00e1 incluida + Esta funci\u00f3n est\u00e1 incluida &#8211; Esta funci\u00f3n no [&hellip;]<\/p>","protected":false},"author":1,"featured_media":0,"parent":0,"menu_order":0,"comment_status":"closed","ping_status":"closed","template":"","meta":{"_et_pb_use_builder":"on","_et_pb_old_content":"","_et_gb_content_width":"","footnotes":""},"class_list":["post-226","page","type-page","status-publish","hentry"],"_links":{"self":[{"href":"https:\/\/g4e.solutions\/en\/wp-json\/wp\/v2\/pages\/226","targetHints":{"allow":["GET"]}}],"collection":[{"href":"https:\/\/g4e.solutions\/en\/wp-json\/wp\/v2\/pages"}],"about":[{"href":"https:\/\/g4e.solutions\/en\/wp-json\/wp\/v2\/types\/page"}],"author":[{"embeddable":true,"href":"https:\/\/g4e.solutions\/en\/wp-json\/wp\/v2\/users\/1"}],"replies":[{"embeddable":true,"href":"https:\/\/g4e.solutions\/en\/wp-json\/wp\/v2\/comments?post=226"}],"version-history":[{"count":3,"href":"https:\/\/g4e.solutions\/en\/wp-json\/wp\/v2\/pages\/226\/revisions"}],"predecessor-version":[{"id":229,"href":"https:\/\/g4e.solutions\/en\/wp-json\/wp\/v2\/pages\/226\/revisions\/229"}],"wp:attachment":[{"href":"https:\/\/g4e.solutions\/en\/wp-json\/wp\/v2\/media?parent=226"}],"curies":[{"name":"wp","href":"https:\/\/api.w.org\/{rel}","templated":true}]}}